{"id":804,"date":"2013-11-14T22:02:59","date_gmt":"2013-11-14T21:02:59","guid":{"rendered":"http:\/\/www.ecole-saintemarie.com\/?page_id=804"},"modified":"2014-09-13T12:55:37","modified_gmt":"2014-09-13T10:55:37","slug":"les-atouts-de-lecole","status":"publish","type":"page","link":"http:\/\/www.ecole-saintemarie.com\/?page_id=804","title":{"rendered":"Les atouts de l&rsquo;\u00e9cole"},"content":{"rendered":"<h5><strong><span style=\"color: #3366ff;\">L&rsquo;aide personnalis\u00e9e inspir\u00e9e par la p\u00e9dagogue Maria Montessori<\/span><\/strong><\/h5>\n<p>Mettre \u00e0 disposition des enfants d&rsquo;un mat\u00e9riel concret et sensoriel<\/p>\n<p>Favoriser l&rsquo;autonomie de l&rsquo;enfant<\/p>\n<p>Laisser \u00e0 l&rsquo;enfant suffisamment d&rsquo;initiative et lui permettre d&rsquo;apprendre \u00e0 son rythme<\/p>\n<h5><strong><span style=\"color: #3366ff;\">L&rsquo;apprentissage de l&rsquo;anglais<\/span><\/strong><\/h5>\n<p>La circulaire du 5 mai 2011 nous pr\u00e9cise <i>\u00ab\u00a0qu&rsquo;il est souhaitable qu&rsquo;une sensibilisation \u00e0 une langue \u00e9trang\u00e8re commence d\u00e8s l&rsquo;\u00e9cole maternelle.\u00a0\u00bb<\/i><\/p>\n<p>Ainsi, \u00e0 Sainte Marie nous proposons des temps d&rsquo;initiation de la petite section au CP et des temps d&rsquo;apprentissage du CE1 au CM2.<\/p>\n<p>Fran\u00e7ois, Marie et Claudine initient les \u00e9l\u00e8ves de la Petite Section au CM2. Par des chants, des jeux, des histoires, des petites mises en sc\u00e8ne, les enfants b\u00e9n\u00e9ficient une \u00e0 deux fois par semaine d&rsquo;une impr\u00e9gnation de vocabulaire.<\/p>\n<h5><strong><span style=\"color: #3366ff;\">Les activit\u00e9s sportives<\/span><\/strong><\/h5>\n<ul>\n<li><strong><span style=\"color: #ff0000;\">A 5 minutes de l&rsquo;\u00e9cole, le gymnase accueille nos \u00e9l\u00e8ves<\/span><\/strong><\/li>\n<\/ul>\n<p><span style=\"color: #000000;\">Les \u00e9l\u00e8ves pratiquent r\u00e9guli\u00e8rement des activit\u00e9s comme des\u00a0<\/span><span style=\"color: #000000;\">jeux de motricit\u00e9, de la\u00a0<\/span>gymnastique, des sports collectifs (hand &#8211; basket &#8211; rugby &#8230;)<\/p>\n<ul>\n<li><span style=\"color: #ff0000;\"><strong>L&rsquo;initiation \u00e0 la voile (\u00e0 l&rsquo;automne et au printemps)<\/strong><\/span><\/li>\n<\/ul>\n<p>En partenariat avec la municipalit\u00e9, les \u00e9l\u00e8ves profitent des joies de l\u2019oc\u00e9an \u00e0 bord des catamarans Newcat 12 de l\u2019\u00e9cole de voile de Luc.<\/p>\n<ul>\n<li><strong><span style=\"color: #ff0000;\">La course d&rsquo;endurance<br \/>\n<\/span><\/strong><\/li>\n<\/ul>\n<p>Les \u00e9l\u00e8ves s&rsquo;entrainent pour participer \u00e0 la course d\u2019endurance dans un but solidaire (association caritative)<\/p>\n<ul>\n<li><strong><span style=\"color: #ff0000;\">Les s\u00e9ances de piscine\u00a0<\/span><\/strong><\/li>\n<\/ul>\n<p>Des s\u00e9ances de piscine sont pr\u00e9vues au Centre aquatique AQUANACRE de Douvres la D\u00e9livrande<\/p>\n<ul>\n<li><span style=\"color: #ff0000;\"><strong>L&rsquo;initiation au tennis<\/strong><\/span><\/li>\n<\/ul>\n<h5><span style=\"color: #3366ff;\"><strong>L&rsquo;atelier Th\u00e9\u00e2tre<\/strong><\/span><\/h5>\n<p>Dans le cadre scolaire, le th\u00e9\u00e2tre improvis\u00e9 peut apporter aux \u00e9l\u00e8ves une mani\u00e8re diff\u00e9rente de se montrer et de voir les autres.<\/p>\n<p>Au travers de jeux improvis\u00e9s, ils apprennent avec Aur\u00e9lien, notre intervenant,\u00a0\u00e0 utiliser les outils et techniques n\u00e9cessaires pour d\u00e9couvrir le plaisir de la pratique th\u00e9\u00e2trale.<\/p>\n<h5><span style=\"color: #3366ff;\"><strong>L&rsquo;atelier Echecs du midi<\/strong><\/span><\/h5>\n<p>Tous les lundis midis, M. Hachette propose aux enfants qui le souhaitent une initiation aux \u00e9checs. Cette initiation concerne les enfants du CE1 au CM2 et dure environ une demie heure.<br \/>\nUn moment tr\u00e8s appr\u00e9ci\u00e9 des enfants o\u00f9 strat\u00e9gie et concentration sont mises \u00e0 l\u2019honneur\u00a0!<\/p>\n<h5><strong><span style=\"color: #3366ff;\">Les intervenants ext\u00e9rieurs\u00a0<\/span><\/strong><\/h5>\n","protected":false},"excerpt":{"rendered":"<p>L&rsquo;aide personnalis\u00e9e inspir\u00e9e par la p\u00e9dagogue Maria Montessori Mettre \u00e0 disposition des enfants d&rsquo;un mat\u00e9riel concret et sensoriel Favoriser l&rsquo;autonomie de l&rsquo;enfant Laisser \u00e0 l&rsquo;enfant suffisamment d&rsquo;initiative et lui permettre d&rsquo;apprendre \u00e0 son rythme L&rsquo;apprentissage de l&rsquo;anglais La circulaire du 5 mai 2011 nous pr\u00e9cise \u00ab\u00a0qu&rsquo;il est souhaitable qu&rsquo;une sensibilisation \u00e0 une langue \u00e9trang\u00e8re commence &hellip; <\/p>\n<p><a class=\"more-link btn\" href=\"http:\/\/www.ecole-saintemarie.com\/?page_id=804\">Lire la suite<\/a><\/p>\n","protected":false},"author":2,"featured_media":0,"parent":0,"menu_order":0,"comment_status":"open","ping_status":"closed","template":"","meta":[],"_links":{"self":[{"href":"http:\/\/www.ecole-saintemarie.com\/index.php?rest_route=\/wp\/v2\/pages\/804"}],"collection":[{"href":"http:\/\/www.ecole-saintemarie.com\/index.php?rest_route=\/wp\/v2\/pages"}],"about":[{"href":"http:\/\/www.ecole-saintemarie.com\/index.php?rest_route=\/wp\/v2\/types\/page"}],"author":[{"embeddable":true,"href":"http:\/\/www.ecole-saintemarie.com\/index.php?rest_route=\/wp\/v2\/users\/2"}],"replies":[{"embeddable":true,"href":"http:\/\/www.ecole-saintemarie.com\/index.php?rest_route=%2Fwp%2Fv2%2Fcomments&post=804"}],"version-history":[{"count":11,"href":"http:\/\/www.ecole-saintemarie.com\/index.php?rest_route=\/wp\/v2\/pages\/804\/revisions"}],"predecessor-version":[{"id":1974,"href":"http:\/\/www.ecole-saintemarie.com\/index.php?rest_route=\/wp\/v2\/pages\/804\/revisions\/1974"}],"wp:attachment":[{"href":"http:\/\/www.ecole-saintemarie.com\/index.php?rest_route=%2Fwp%2Fv2%2Fmedia&parent=804"}],"curies":[{"name":"wp","href":"https:\/\/api.w.org\/{rel}","templated":true}]}}