{"id":333,"date":"2013-11-03T16:48:09","date_gmt":"2013-11-03T15:48:09","guid":{"rendered":"http:\/\/ecole-saintemarie.com\/?page_id=333"},"modified":"2025-09-11T10:48:13","modified_gmt":"2025-09-11T08:48:13","slug":"tps-ps-3","status":"publish","type":"page","link":"http:\/\/www.ecole-saintemarie.com\/?page_id=333","title":{"rendered":"Toute Petite \/ Petite Section"},"content":{"rendered":"<p><b>Chez les TPS-PS, la ma\u00eetresse est Azizah BRIGE le lundi, mardi et vendredi, et Claudine MARQUIGNY\u00a0 le jeudi. L\u2019assistante maternelle est Marie-Laure BASLY.<br \/>\n<\/b><\/p>\n<p><b>le nom de la classe : les Pandas !<\/b><\/p>\n<p>&nbsp;<\/p>\n<p>&nbsp;<\/p>\n<p>Voici la classe des touts petits et des petits et moyens.<\/p>\n<p>Nos ma\u00eetresses s\u2019appellent Azizah et Claudine, et notre assistante maternelle s&rsquo;appelle Marie-Laure.<\/p>\n<p>Apprendre \u00e0 se s\u00e9parer de papa et de maman, reconna\u00eetre ses affaires et sa place, ranger ses jeux, accepter de participer aux activit\u00e9s, conna\u00eetre les mots de politesse, pr\u00eater et jouer ensemble, parler devant les autres, \u00e9couter des histoires, chanter, participer aux activit\u00e9s sportives, laisser des traces \u00e9crites, compter, comparer, manipuler, observer\u2026 : la maternelle est une GRANDE \u00e9cole de la VIE en soci\u00e9t\u00e9 dans laquelle on apprend, en \u00e9tant heureux ensemble.<\/p>\n","protected":false},"excerpt":{"rendered":"<p>Chez les TPS-PS, la ma\u00eetresse est Azizah BRIGE le lundi, mardi et vendredi, et Claudine MARQUIGNY\u00a0 le jeudi. L\u2019assistante maternelle est Marie-Laure BASLY. le nom de la classe : les Pandas ! &nbsp; &nbsp; Voici la classe des touts petits et des petits et moyens. Nos ma\u00eetresses s\u2019appellent Azizah et Claudine, et notre assistante maternelle &hellip; <\/p>\n<p><a class=\"more-link btn\" href=\"http:\/\/www.ecole-saintemarie.com\/?page_id=333\">Lire la suite<\/a><\/p>\n","protected":false},"author":2,"featured_media":0,"parent":0,"menu_order":0,"comment_status":"closed","ping_status":"closed","template":"","meta":[],"_links":{"self":[{"href":"http:\/\/www.ecole-saintemarie.com\/index.php?rest_route=\/wp\/v2\/pages\/333"}],"collection":[{"href":"http:\/\/www.ecole-saintemarie.com\/index.php?rest_route=\/wp\/v2\/pages"}],"about":[{"href":"http:\/\/www.ecole-saintemarie.com\/index.php?rest_route=\/wp\/v2\/types\/page"}],"author":[{"embeddable":true,"href":"http:\/\/www.ecole-saintemarie.com\/index.php?rest_route=\/wp\/v2\/users\/2"}],"replies":[{"embeddable":true,"href":"http:\/\/www.ecole-saintemarie.com\/index.php?rest_route=%2Fwp%2Fv2%2Fcomments&post=333"}],"version-history":[{"count":23,"href":"http:\/\/www.ecole-saintemarie.com\/index.php?rest_route=\/wp\/v2\/pages\/333\/revisions"}],"predecessor-version":[{"id":13009,"href":"http:\/\/www.ecole-saintemarie.com\/index.php?rest_route=\/wp\/v2\/pages\/333\/revisions\/13009"}],"wp:attachment":[{"href":"http:\/\/www.ecole-saintemarie.com\/index.php?rest_route=%2Fwp%2Fv2%2Fmedia&parent=333"}],"curies":[{"name":"wp","href":"https:\/\/api.w.org\/{rel}","templated":true}]}}