{"id":175,"date":"2013-11-03T18:16:33","date_gmt":"2013-11-03T17:16:33","guid":{"rendered":"http:\/\/ecole-saintemarie.com\/?page_id=175"},"modified":"2025-09-11T10:48:45","modified_gmt":"2025-09-11T08:48:45","slug":"mentions-legales","status":"publish","type":"page","link":"http:\/\/www.ecole-saintemarie.com\/?page_id=175","title":{"rendered":"Mentions l\u00e9gales"},"content":{"rendered":"<p><strong> H\u00e9bergement <\/strong><\/p>\n<p>OVH<\/p>\n<p>Le site : <a title=\"Le site de l'ecole sainte marie\" href=\"http:\/\/www.ecole-saintemarie.com\">http:\/\/www.ecole-saintemarie.com<\/a><\/p>\n<p><strong> Cr\u00e9dits <\/strong><br \/>\nEcole Sainte Marie<br \/>\n11 rue du Mar\u00e9chal Foch<br \/>\nF-14530 LUC SUR MER<\/p>\n<p><strong> Directeur de la publication : <\/strong><\/p>\n<p>Azizah BRIGE<\/p>\n<p><strong>Responsable de la r\u00e9daction :<\/strong><\/p>\n<p>Azizah BRIGE<\/p>\n<p>L&rsquo;utilisateur ayant acc\u00e8s \u00e0 ce site s&rsquo;engage \u00e0 se conformer aux pr\u00e9sentes conditions d&rsquo;utilisation.<\/p>\n<p><strong>Propri\u00e9t\u00e9 intellectuelle<\/strong><\/p>\n<p>Toutes les informations et documents de ce site sont la propri\u00e9t\u00e9 de l\u2019Ecole ou ont fait l\u2019objet d\u2019un droit d\u2019utilisation consenti \u00e0 son profit.<br \/>\nTous les droits de reproduction et de distribution y compris pour les documents t\u00e9l\u00e9chargeables et les images fixes ou anim\u00e9es sont r\u00e9serv\u00e9s et prot\u00e9g\u00e9s par le droit d\u2019auteur.<br \/>\nEn cons\u00e9quence, en l\u2019absence d\u2019autorisation, toute reproduction ou distribution totale ou partielle de ces informations ou documents est interdite sous peine de poursuite au titre de la contrefa\u00e7on.<br \/>\nL\u2019utilisateur est cependant autoris\u00e9 \u00e0 faire des copies ou des reproductions du contenu du site pour un usage strictement personnel et non commercial.<br \/>\nL\u2019utilisateur est autoris\u00e9 \u00e0 faire de courtes citations du contenu du site en pr\u00e9cisant le nom de l\u2019auteur et la source du document.<\/p>\n<p>L\u2019Ecole est producteur et propri\u00e9taire de tout ou partie des bases de donn\u00e9es composant le pr\u00e9sent site. Ces donn\u00e9es sont prot\u00e9g\u00e9es par la propri\u00e9t\u00e9 intellectuelle. Toute extraction, r\u00e9utilisation, \u00ab de la totalit\u00e9 ou d&rsquo;une partie qualitativement ou quantitativement substantielle du contenu d&rsquo;une base de donn\u00e9es \u00bb expose l\u2019utilisateur \u00e0 des poursuites.<\/p>\n<p><strong>Contenu du site<\/strong><\/p>\n<p>Malgr\u00e9 le soin apport\u00e9 au traitement des informations, l\u2019\u00e9cole sainte Marie d\u00e9cline toute responsabilit\u00e9 concernant les erreurs ou omissions portant sur les informations diffus\u00e9es sur ce site. L\u2019\u00c9cole ne peur \u00eatre tenue responsable de l\u2019interpr\u00e9tation des informations contenues dans ce site, ni des cons\u00e9quences de leur utilisation.<\/p>\n<p><strong>Liens<\/strong><\/p>\n<p>L\u2019\u00c9cole est soucieuse de la qualit\u00e9 des liens dont elle fait mention.<br \/>\nElle d\u00e9cline toute responsabilit\u00e9 quand aux contenus des sites vers lesquels elle offre des liens notamment vers les r\u00e9seaux sociaux.<\/p>\n<h2><strong>Donn\u00e9es \u00e0 caract\u00e8re personnel<\/strong><\/h2>\n<p>Conform\u00e9ment aux dispositions la loi n\u00b0 78-17 \u00ab Informatique et Libert\u00e9s \u00bb du 06\/01\/1978, l\u2019\u00c9cole Sainte Marie de Luc sur Mer garantit un droit d&rsquo;acc\u00e8s, de modification, et de suppression des donn\u00e9es \u00e0 caract\u00e8re personnel.<\/p>\n<p>Compte tenu des caract\u00e9ristiques du r\u00e9seau Internet que sont la libre captation des informations diffus\u00e9es et la difficult\u00e9, voire l\u2019impossibilit\u00e9 de contr\u00f4ler l\u2019utilisation qui pourrait en \u00eatre faite par des tiers, les personnes dont des donn\u00e9es \u00e0 caract\u00e8re personnel figurent sur ce site, ont la possibilit\u00e9 de s\u2019opposer \u00e0 la diffusion de ces donn\u00e9es.<\/p>\n<p>Pour exercer ces droits, il convient de s\u2019adresser \u00e0 la direction de l&rsquo;\u00e9cole<br \/>\nAzizah Brige directrice de l&rsquo;\u00e9cole sainte Marie<br \/>\n11 avenue du Mar\u00e9chal Foch-14530 Luc sur Mer<br \/>\nPar courriel : contact@ecole-saintemarie.com<\/p>\n","protected":false},"excerpt":{"rendered":"<p>H\u00e9bergement OVH Le site : http:\/\/www.ecole-saintemarie.com Cr\u00e9dits Ecole Sainte Marie 11 rue du Mar\u00e9chal Foch F-14530 LUC SUR MER Directeur de la publication : Azizah BRIGE Responsable de la r\u00e9daction : Azizah BRIGE L&rsquo;utilisateur ayant acc\u00e8s \u00e0 ce site s&rsquo;engage \u00e0 se conformer aux pr\u00e9sentes conditions d&rsquo;utilisation. Propri\u00e9t\u00e9 intellectuelle Toutes les informations et documents de &hellip; <\/p>\n<p><a class=\"more-link btn\" href=\"http:\/\/www.ecole-saintemarie.com\/?page_id=175\">Lire la suite<\/a><\/p>\n","protected":false},"author":2,"featured_media":0,"parent":0,"menu_order":0,"comment_status":"closed","ping_status":"closed","template":"","meta":[],"_links":{"self":[{"href":"http:\/\/www.ecole-saintemarie.com\/index.php?rest_route=\/wp\/v2\/pages\/175"}],"collection":[{"href":"http:\/\/www.ecole-saintemarie.com\/index.php?rest_route=\/wp\/v2\/pages"}],"about":[{"href":"http:\/\/www.ecole-saintemarie.com\/index.php?rest_route=\/wp\/v2\/types\/page"}],"author":[{"embeddable":true,"href":"http:\/\/www.ecole-saintemarie.com\/index.php?rest_route=\/wp\/v2\/users\/2"}],"replies":[{"embeddable":true,"href":"http:\/\/www.ecole-saintemarie.com\/index.php?rest_route=%2Fwp%2Fv2%2Fcomments&post=175"}],"version-history":[{"count":4,"href":"http:\/\/www.ecole-saintemarie.com\/index.php?rest_route=\/wp\/v2\/pages\/175\/revisions"}],"predecessor-version":[{"id":13010,"href":"http:\/\/www.ecole-saintemarie.com\/index.php?rest_route=\/wp\/v2\/pages\/175\/revisions\/13010"}],"wp:attachment":[{"href":"http:\/\/www.ecole-saintemarie.com\/index.php?rest_route=%2Fwp%2Fv2%2Fmedia&parent=175"}],"curies":[{"name":"wp","href":"https:\/\/api.w.org\/{rel}","templated":true}]}}