{"id":140,"date":"2013-11-03T16:06:08","date_gmt":"2013-11-03T15:06:08","guid":{"rendered":"http:\/\/ecole-saintemarie.com\/?page_id=140"},"modified":"2016-01-20T15:36:37","modified_gmt":"2016-01-20T14:36:37","slug":"ogec","status":"publish","type":"page","link":"http:\/\/www.ecole-saintemarie.com\/?page_id=140","title":{"rendered":"OGEC"},"content":{"rendered":"<h1><\/h1>\n<p>L\u2019<strong>OGEC<\/strong> (<strong>O<\/strong>rganisme de <strong>G<\/strong>estion des <strong>E<\/strong>tablissements de l\u2019<strong>E<\/strong>nseignement <strong>C<\/strong>atholique) est une association loi 1901 au service de l\u2019\u00e9cole.<\/p>\n<p>Elle lui donne une existence juridique, c\u2019est-\u00e0-dire une personnalit\u00e9 morale.<\/p>\n<p>L\u2019\u00e9cole Sainte-Marie de Luc-sur-Mer a le m\u00eame OGEC que le coll\u00e8ge de la Ma\u00eetrise Notre-Dame de Douvres-la-D\u00e9livrande.<\/p>\n<p>L\u2019OGEC est compos\u00e9 de b\u00e9n\u00e9voles, r\u00e9unis afin d\u2019apporter leurs comp\u00e9tences individuelles pour servir le projet \u00e9ducatif de nos enfants. Cette notion de b\u00e9n\u00e9volat constitue un \u00e9l\u00e9ment de coh\u00e9sion et de dynamisme de la communaut\u00e9 \u00e9ducative et de motivation du personnel dont il a la responsabilit\u00e9.<\/p>\n<p>L\u2019OGEC est responsable de la bonne gestion de l\u2019\u00c9tablissement dans les domaines \u00e9conomique, social, comptable, financier, juridique, immobilier.<\/p>\n<p>L\u2019OGEC a la charge de la vie mat\u00e9rielle, administrative et financi\u00e8re de l\u2019\u00e9cole, c\u2019est-\u00e0-dire assurer les meilleures conditions mat\u00e9rielles \u00e0 vos enfants durant leur p\u00e9riode d\u2019\u00e9ducation et \u00e0 ceux qui ont en charge cette mission. A ce titre l\u2019OGEC doit veiller, par exemple, au bon entretien des b\u00e2timents de l\u2019\u00e9cole ou pourvoir \u00e0 sa conformit\u00e9 ; il est \u00e9galement l\u2019employeur des personnels non enseignants.<\/p>\n<p>Les membres de l\u2019OGEC et les parents d\u2019\u00e9l\u00e8ves \u2013 r\u00e9unis dans l\u2019APEL \u2013 sont des partenaires qui veulent \u0153uvrer en parfaite intelligence et coop\u00e9ration dans l\u2019\u00e9tablissement.<\/p>\n<p><strong>Le bureau\u00a0:<\/strong><\/p>\n<ul>\n<li>Pr\u00e9sident\u00a0: Jean-Fran\u00e7ois PONDAVEN<\/li>\n<\/ul>\n<p><strong>\u00a0<\/strong><\/p>\n<p>&nbsp;<\/p>\n<p>&nbsp;<\/p>\n","protected":false},"excerpt":{"rendered":"<p>L\u2019OGEC (Organisme de Gestion des Etablissements de l\u2019Enseignement Catholique) est une association loi 1901 au service de l\u2019\u00e9cole. Elle lui donne une existence juridique, c\u2019est-\u00e0-dire une personnalit\u00e9 morale. L\u2019\u00e9cole Sainte-Marie de Luc-sur-Mer a le m\u00eame OGEC que le coll\u00e8ge de la Ma\u00eetrise Notre-Dame de Douvres-la-D\u00e9livrande. L\u2019OGEC est compos\u00e9 de b\u00e9n\u00e9voles, r\u00e9unis afin d\u2019apporter leurs comp\u00e9tences &hellip; <\/p>\n<p><a class=\"more-link btn\" href=\"http:\/\/www.ecole-saintemarie.com\/?page_id=140\">Lire la suite<\/a><\/p>\n","protected":false},"author":2,"featured_media":0,"parent":109,"menu_order":0,"comment_status":"closed","ping_status":"closed","template":"","meta":[],"_links":{"self":[{"href":"http:\/\/www.ecole-saintemarie.com\/index.php?rest_route=\/wp\/v2\/pages\/140"}],"collection":[{"href":"http:\/\/www.ecole-saintemarie.com\/index.php?rest_route=\/wp\/v2\/pages"}],"about":[{"href":"http:\/\/www.ecole-saintemarie.com\/index.php?rest_route=\/wp\/v2\/types\/page"}],"author":[{"embeddable":true,"href":"http:\/\/www.ecole-saintemarie.com\/index.php?rest_route=\/wp\/v2\/users\/2"}],"replies":[{"embeddable":true,"href":"http:\/\/www.ecole-saintemarie.com\/index.php?rest_route=%2Fwp%2Fv2%2Fcomments&post=140"}],"version-history":[{"count":6,"href":"http:\/\/www.ecole-saintemarie.com\/index.php?rest_route=\/wp\/v2\/pages\/140\/revisions"}],"predecessor-version":[{"id":3940,"href":"http:\/\/www.ecole-saintemarie.com\/index.php?rest_route=\/wp\/v2\/pages\/140\/revisions\/3940"}],"up":[{"embeddable":true,"href":"http:\/\/www.ecole-saintemarie.com\/index.php?rest_route=\/wp\/v2\/pages\/109"}],"wp:attachment":[{"href":"http:\/\/www.ecole-saintemarie.com\/index.php?rest_route=%2Fwp%2Fv2%2Fmedia&parent=140"}],"curies":[{"name":"wp","href":"https:\/\/api.w.org\/{rel}","templated":true}]}}