{"id":135,"date":"2013-11-03T15:50:50","date_gmt":"2013-11-03T14:50:50","guid":{"rendered":"http:\/\/ecole-saintemarie.com\/?page_id=135"},"modified":"2014-10-06T22:48:56","modified_gmt":"2014-10-06T20:48:56","slug":"apel","status":"publish","type":"page","link":"http:\/\/www.ecole-saintemarie.com\/?page_id=135","title":{"rendered":"APEL"},"content":{"rendered":"<p>&nbsp;<\/p>\n<p>&nbsp;<\/p>\n<p>&nbsp;<\/p>\n<p>&nbsp;<\/p>\n<p><img loading=\"lazy\" class=\"size-medium wp-image-508 aligncenter\" alt=\"apel\" src=\"http:\/\/www.ecole-saintemarie.com\/wp-content\/uploads\/2013\/11\/apel-300x203.jpg\" width=\"300\" height=\"203\" srcset=\"http:\/\/www.ecole-saintemarie.com\/wp-content\/uploads\/2013\/11\/apel-300x203.jpg 300w, http:\/\/www.ecole-saintemarie.com\/wp-content\/uploads\/2013\/11\/apel.jpg 631w\" sizes=\"(max-width: 300px) 100vw, 300px\" \/>L\u2019<b>A<\/b>ssociation des <b>P<\/b>arents d\u2019\u00e9l\u00e8ves de l\u2019<b>E<\/b>nseignement <b>L<\/b>ibre a un r\u00f4le d\u2019accueil, d\u2019animation, d\u2019information, de conseils et de repr\u00e9sentation des parents d\u2019\u00e9l\u00e8ves.<\/p>\n<p>Il aide \u00e0 l\u2019organisation des sorties de classe, veille \u00e0 la qualit\u00e9 de la relation entre parents, enfants et enseignants, et transmet les attentes des parents d\u2019\u00e9l\u00e8ves.<\/p>\n<p>Au sein de l&rsquo;\u00e9cole Sainte Marie, l&rsquo;<b>A<\/b>ssociation des<b> P<\/b>arents d<b>&lsquo;E<\/b>l\u00e8ves \u0153uvre tout au long de l&rsquo;ann\u00e9e en partenariat avec les enseignantes de l\u2019\u00e9cole afin qu\u2019elles puissent mener \u00e0 bien leurs projets d\u2019ann\u00e9e.<\/p>\n<p>Cette association est compos\u00e9e de p\u00e8res et de m\u00e8res de famille qui souhaitent donner un peu de leur temps pour l\u2019\u00e9cole de leurs enfants.<\/p>\n<p>Nous organisons des moments festifs pendant l\u2019ann\u00e9e scolaire, tr\u00e8s attendus et appr\u00e9ci\u00e9s des enfants comme des parents :<\/p>\n<ul>\n<li>le loto<\/li>\n<li>les photos individuelles et de groupe<\/li>\n<li>la journ\u00e9e portes ouvertes<\/li>\n<li>la kermesse<\/li>\n<li>le financement des projets<\/li>\n<li>l&rsquo;achat de mat\u00e9riel pour l&rsquo;\u00e9cole<\/li>\n<li>&#8230;<\/li>\n<\/ul>\n<p>La pr\u00e9paration de ces \u00e9v\u00e8nements nous permet aussi de nous rencontrer, de partager de bons moments et de cr\u00e9er une ambiance conviviale et familiale au c\u0153ur de l&rsquo;\u00e9cole.<\/p>\n<p>Pour que cette association fonctionne, il nous faut des mamans et des papas qui souhaitent donner un peu de leur temps pour l&rsquo;\u00e9cole de leurs enfants.<\/p>\n<p>Nous avons tous un talent, des comp\u00e9tences, un brin de folie, un peu de temps\u2026<\/p>\n<p>Nous serions heureux de vous rencontrer au sein de notre association, n&rsquo;h\u00e9sitez pas \u00e0 venir nous rencontrer ou \u00e0 nous contacter\u00a0apelsaintemarieluc@gmail.com<\/p>\n<p>A bient\u00f4t\u00a0!<\/p>\n<p>L&rsquo;\u00e9quipe de l&rsquo;APEL<\/p>\n","protected":false},"excerpt":{"rendered":"<p>&nbsp; &nbsp; &nbsp; &nbsp; L\u2019Association des Parents d\u2019\u00e9l\u00e8ves de l\u2019Enseignement Libre a un r\u00f4le d\u2019accueil, d\u2019animation, d\u2019information, de conseils et de repr\u00e9sentation des parents d\u2019\u00e9l\u00e8ves. Il aide \u00e0 l\u2019organisation des sorties de classe, veille \u00e0 la qualit\u00e9 de la relation entre parents, enfants et enseignants, et transmet les attentes des parents d\u2019\u00e9l\u00e8ves. Au sein de &hellip; <\/p>\n<p><a class=\"more-link btn\" href=\"http:\/\/www.ecole-saintemarie.com\/?page_id=135\">Lire la suite<\/a><\/p>\n","protected":false},"author":2,"featured_media":0,"parent":109,"menu_order":0,"comment_status":"closed","ping_status":"closed","template":"","meta":[],"_links":{"self":[{"href":"http:\/\/www.ecole-saintemarie.com\/index.php?rest_route=\/wp\/v2\/pages\/135"}],"collection":[{"href":"http:\/\/www.ecole-saintemarie.com\/index.php?rest_route=\/wp\/v2\/pages"}],"about":[{"href":"http:\/\/www.ecole-saintemarie.com\/index.php?rest_route=\/wp\/v2\/types\/page"}],"author":[{"embeddable":true,"href":"http:\/\/www.ecole-saintemarie.com\/index.php?rest_route=\/wp\/v2\/users\/2"}],"replies":[{"embeddable":true,"href":"http:\/\/www.ecole-saintemarie.com\/index.php?rest_route=%2Fwp%2Fv2%2Fcomments&post=135"}],"version-history":[{"count":9,"href":"http:\/\/www.ecole-saintemarie.com\/index.php?rest_route=\/wp\/v2\/pages\/135\/revisions"}],"predecessor-version":[{"id":2056,"href":"http:\/\/www.ecole-saintemarie.com\/index.php?rest_route=\/wp\/v2\/pages\/135\/revisions\/2056"}],"up":[{"embeddable":true,"href":"http:\/\/www.ecole-saintemarie.com\/index.php?rest_route=\/wp\/v2\/pages\/109"}],"wp:attachment":[{"href":"http:\/\/www.ecole-saintemarie.com\/index.php?rest_route=%2Fwp%2Fv2%2Fmedia&parent=135"}],"curies":[{"name":"wp","href":"https:\/\/api.w.org\/{rel}","templated":true}]}}