{"id":13011,"date":"2025-09-11T14:09:57","date_gmt":"2025-09-11T12:09:57","guid":{"rendered":"http:\/\/www.ecole-saintemarie.com\/?page_id=13011"},"modified":"2025-09-11T14:20:20","modified_gmt":"2025-09-11T12:20:20","slug":"charte-parents-enseignants","status":"publish","type":"page","link":"http:\/\/www.ecole-saintemarie.com\/?page_id=13011","title":{"rendered":"Charte parents-enseignants"},"content":{"rendered":"<p><strong>CHARTE PARENTS-ENSEIGNANTS<\/strong><\/p>\n<p><strong>\u00a0<\/strong>L\u2019enseignant et le parent partagent un objectif commun : la r\u00e9ussite de chaque \u00e9l\u00e8ve.<\/p>\n<ol>\n<li>Le parent et l\u2019enseignant se respectent mutuellement en toute circonstance.<\/li>\n<li>La communication et les relations entre le parent et l\u2019enseignant sont fond\u00e9es sur la confiance mutuelle et le respect de l\u2019autre et de ses diff\u00e9rences. Toute forme d\u2019agressivit\u00e9 est bannie ainsi que toute forme de discrimination de quelque nature qu\u2019elle soit.<\/li>\n<li>Le dialogue entre le parent et l\u2019enseignant a pour objectif une information mutuelle, la recherche d\u2019\u00e9changes constructifs et une meilleure compr\u00e9hension r\u00e9ciproque.<\/li>\n<li>L\u2019enseignant re\u00e7oit le parent qui en fait la demande.<\/li>\n<li>Le parent se rend \u00e0 l\u2019entretien sollicit\u00e9 par l\u2019enseignant.<\/li>\n<li>La rencontre parent-enseignant rel\u00e8ve d\u2019une demande ou d\u2019une invitation de la part de celui qui la sollicite. Le motif de la demande doit \u00eatre port\u00e9 \u00e0 la connaissance du parent ou de l\u2019enseignant de fa\u00e7on br\u00e8ve.<\/li>\n<li>Les rencontres entre le parent et l\u2019enseignant prennent en compte les contraintes horaires et mat\u00e9rielles de chacun, en veillant \u00e0 limiter la fr\u00e9quence des entretiens.<\/li>\n<li>Les formes de la communication et d\u2019entretien sont adapt\u00e9es \u00e0 la nature des informations \u00e0 transmettre et\/ou aux possibilit\u00e9s de r\u00e9ception des messages par le parent ou l\u2019enseignant (entretien, carnet de liaison, messagerie \u00e9lectronique, communication t\u00e9l\u00e9phonique, etc.).<\/li>\n<li>Le parent et l\u2019enseignant garantissent une totale discr\u00e9tion \u00e0 leurs \u00e9changes, dans le respect du caract\u00e8re confidentiel des informations partag\u00e9es.<\/li>\n<li>L\u2019enseignant informe le parent sur les programmes scolaires, les objectifs poursuivis, les modalit\u00e9s d\u2019apprentissage utilis\u00e9es, les modalit\u00e9s et le rythme des \u00e9valuations, les r\u00e8gles de vie en classe.<\/li>\n<li>Le parent respecte le professionnalisme de l\u2019enseignant qui fait l\u2019objet d\u2019une \u00e9valuation par les corps d\u2019inspection. Le parent ne fait pas pr\u00e9valoir de choix personnel en mati\u00e8re p\u00e9dagogique aupr\u00e8s de l\u2019enseignant.<\/li>\n<li>En cas de litige entre enfants, le parent passe par l\u2019enseignant pour faire remonter le probl\u00e8me et ne cherche pas \u00e0 le r\u00e9gler en direct avec l\u2019enfant.<\/li>\n<li>Le parent soutient, aupr\u00e8s de son enfant, l\u2019autorit\u00e9 de l\u2019enseignant et les valeurs de l\u2019\u00e9cole.<\/li>\n<li>L\u2019enseignant soutient, aupr\u00e8s de l\u2019enfant, l\u2019autorit\u00e9 des parents.<\/li>\n<li>Le parent et l\u2019enseignant s\u2019informent mutuellement des \u00e9l\u00e9ments qui sont susceptibles d\u2019\u00e9clairer les r\u00e9sultats d\u2019un enfant, notamment lorsque ceux-ci sont insuffisants ou en baisse. Le parent et l\u2019enseignant s\u2019interdisent tout questionnement qui aborderait des domaines sans lien avec la scolarit\u00e9 de l\u2019enfant.<\/li>\n<li>L\u2019enseignant et le parent essaient de d\u00e9finir en commun les moyens et les voies de progr\u00e8s auxquels chacun, dans son domaine, peut contribuer. Ils recherchent les solutions et les parcours les mieux adapt\u00e9s \u00e0 la situation scolaire de l\u2019enfant et \u00e0 ses souhaits.<\/li>\n<li>Lorsque le parent est accompagnateur d\u2019une sortie p\u00e9dagogique, il s\u2019engage \u00e0 respecter la charte de l\u2019accompagnateur (disponible sur demande aupr\u00e8s de l\u2019enseignant ou de la direction)<\/li>\n<li>En cas de rupture du dialogue, le parent et l\u2019enseignant acceptent le recours \u00e0 un conciliateur (inspecteur de l\u2019Education nationale, directeur dioc\u00e9sain, directeur d\u2019\u00e9cole, conseiller p\u00e9dagogique, repr\u00e9sentant de parent d\u2019\u00e9l\u00e8ves) pour renouer le contact<\/li>\n<\/ol>\n","protected":false},"excerpt":{"rendered":"<p>CHARTE PARENTS-ENSEIGNANTS \u00a0L\u2019enseignant et le parent partagent un objectif commun : la r\u00e9ussite de chaque \u00e9l\u00e8ve. Le parent et l\u2019enseignant se respectent mutuellement en toute circonstance. La communication et les relations entre le parent et l\u2019enseignant sont fond\u00e9es sur la confiance mutuelle et le respect de l\u2019autre et de ses diff\u00e9rences. Toute forme d\u2019agressivit\u00e9 est &hellip; <\/p>\n<p><a class=\"more-link btn\" href=\"http:\/\/www.ecole-saintemarie.com\/?page_id=13011\">Lire la suite<\/a><\/p>\n","protected":false},"author":2,"featured_media":13013,"parent":102,"menu_order":0,"comment_status":"closed","ping_status":"closed","template":"","meta":[],"_links":{"self":[{"href":"http:\/\/www.ecole-saintemarie.com\/index.php?rest_route=\/wp\/v2\/pages\/13011"}],"collection":[{"href":"http:\/\/www.ecole-saintemarie.com\/index.php?rest_route=\/wp\/v2\/pages"}],"about":[{"href":"http:\/\/www.ecole-saintemarie.com\/index.php?rest_route=\/wp\/v2\/types\/page"}],"author":[{"embeddable":true,"href":"http:\/\/www.ecole-saintemarie.com\/index.php?rest_route=\/wp\/v2\/users\/2"}],"replies":[{"embeddable":true,"href":"http:\/\/www.ecole-saintemarie.com\/index.php?rest_route=%2Fwp%2Fv2%2Fcomments&post=13011"}],"version-history":[{"count":1,"href":"http:\/\/www.ecole-saintemarie.com\/index.php?rest_route=\/wp\/v2\/pages\/13011\/revisions"}],"predecessor-version":[{"id":13012,"href":"http:\/\/www.ecole-saintemarie.com\/index.php?rest_route=\/wp\/v2\/pages\/13011\/revisions\/13012"}],"up":[{"embeddable":true,"href":"http:\/\/www.ecole-saintemarie.com\/index.php?rest_route=\/wp\/v2\/pages\/102"}],"wp:featuredmedia":[{"embeddable":true,"href":"http:\/\/www.ecole-saintemarie.com\/index.php?rest_route=\/wp\/v2\/media\/13013"}],"wp:attachment":[{"href":"http:\/\/www.ecole-saintemarie.com\/index.php?rest_route=%2Fwp%2Fv2%2Fmedia&parent=13011"}],"curies":[{"name":"wp","href":"https:\/\/api.w.org\/{rel}","templated":true}]}}