{"id":125,"date":"2013-11-03T15:45:31","date_gmt":"2013-11-03T14:45:31","guid":{"rendered":"http:\/\/ecole-saintemarie.com\/?page_id=125"},"modified":"2025-09-11T10:46:11","modified_gmt":"2025-09-11T08:46:11","slug":"garderie","status":"publish","type":"page","link":"http:\/\/www.ecole-saintemarie.com\/?page_id=125","title":{"rendered":"Garderie"},"content":{"rendered":"<p><a href=\"http:\/\/www.ecole-saintemarie.com\/wp-content\/uploads\/2023\/11\/garderie-2-scaled.jpg\"><img loading=\"lazy\" class=\"alignnone size-medium wp-image-11664\" src=\"http:\/\/www.ecole-saintemarie.com\/wp-content\/uploads\/2023\/11\/garderie-2-300x225.jpg\" alt=\"\" width=\"300\" height=\"225\" srcset=\"http:\/\/www.ecole-saintemarie.com\/wp-content\/uploads\/2023\/11\/garderie-2-300x225.jpg 300w, http:\/\/www.ecole-saintemarie.com\/wp-content\/uploads\/2023\/11\/garderie-2-1024x768.jpg 1024w, http:\/\/www.ecole-saintemarie.com\/wp-content\/uploads\/2023\/11\/garderie-2-768x576.jpg 768w, http:\/\/www.ecole-saintemarie.com\/wp-content\/uploads\/2023\/11\/garderie-2-1536x1152.jpg 1536w, http:\/\/www.ecole-saintemarie.com\/wp-content\/uploads\/2023\/11\/garderie-2-2048x1536.jpg 2048w\" sizes=\"(max-width: 300px) 100vw, 300px\" \/><\/a><\/p>\n<p><strong>La garderie est ouverte chaque jour d\u2019\u00e9cole,\u00a0le matin et le soir<\/strong><\/p>\n<p>La garderie est tenue par Muriel Pelletey-Tillard le matin et Aur\u00e9lianna Sagot le soir.<\/p>\n<p><strong>Tarifs<\/strong> : 3,50 \u20ac de l\u2019heure<\/p>\n<p><strong>Horaires\u00a0:<\/strong><\/p>\n<ul>\n<li>Matin\u00a0: de 7h30 \u00e0 8h30<\/li>\n<li>Soir\u00a0: de 16h45 \u00e0 18h30<\/li>\n<\/ul>\n<p>&nbsp;<\/p>\n<p><strong>L\u2019entr\u00e9e et la sortie<\/strong>\u00a0se font c\u00f4t\u00e9 Maternelle, par l\u2019entr\u00e9e rue Maginot.<\/p>\n<p>Les passages (entr\u00e9e et sortie des enfants) avant 8h30 et apr\u00e8s 16h45 c\u00f4t\u00e9 primaire (avenue Foch) sont interdits pour des raisons de s\u00e9curit\u00e9.<\/p>\n<p><a href=\"http:\/\/www.ecole-saintemarie.com\/wp-content\/uploads\/2023\/11\/garderie-1-scaled.jpg\"><img loading=\"lazy\" class=\"alignnone size-medium wp-image-11663\" src=\"http:\/\/www.ecole-saintemarie.com\/wp-content\/uploads\/2023\/11\/garderie-1-225x300.jpg\" alt=\"\" width=\"225\" height=\"300\" srcset=\"http:\/\/www.ecole-saintemarie.com\/wp-content\/uploads\/2023\/11\/garderie-1-225x300.jpg 225w, http:\/\/www.ecole-saintemarie.com\/wp-content\/uploads\/2023\/11\/garderie-1-768x1024.jpg 768w, http:\/\/www.ecole-saintemarie.com\/wp-content\/uploads\/2023\/11\/garderie-1-1152x1536.jpg 1152w, http:\/\/www.ecole-saintemarie.com\/wp-content\/uploads\/2023\/11\/garderie-1-1536x2048.jpg 1536w, http:\/\/www.ecole-saintemarie.com\/wp-content\/uploads\/2023\/11\/garderie-1-scaled.jpg 1920w\" sizes=\"(max-width: 225px) 100vw, 225px\" \/><\/a><\/p>\n<p>&nbsp;<\/p>\n","protected":false},"excerpt":{"rendered":"<p>La garderie est ouverte chaque jour d\u2019\u00e9cole,\u00a0le matin et le soir La garderie est tenue par Muriel Pelletey-Tillard le matin et Aur\u00e9lianna Sagot le soir. Tarifs : 3,50 \u20ac de l\u2019heure Horaires\u00a0: Matin\u00a0: de 7h30 \u00e0 8h30 Soir\u00a0: de 16h45 \u00e0 18h30 &nbsp; L\u2019entr\u00e9e et la sortie\u00a0se font c\u00f4t\u00e9 Maternelle, par l\u2019entr\u00e9e rue Maginot. Les &hellip; <\/p>\n<p><a class=\"more-link btn\" href=\"http:\/\/www.ecole-saintemarie.com\/?page_id=125\">Lire la suite<\/a><\/p>\n","protected":false},"author":2,"featured_media":835,"parent":107,"menu_order":0,"comment_status":"closed","ping_status":"closed","template":"","meta":[],"_links":{"self":[{"href":"http:\/\/www.ecole-saintemarie.com\/index.php?rest_route=\/wp\/v2\/pages\/125"}],"collection":[{"href":"http:\/\/www.ecole-saintemarie.com\/index.php?rest_route=\/wp\/v2\/pages"}],"about":[{"href":"http:\/\/www.ecole-saintemarie.com\/index.php?rest_route=\/wp\/v2\/types\/page"}],"author":[{"embeddable":true,"href":"http:\/\/www.ecole-saintemarie.com\/index.php?rest_route=\/wp\/v2\/users\/2"}],"replies":[{"embeddable":true,"href":"http:\/\/www.ecole-saintemarie.com\/index.php?rest_route=%2Fwp%2Fv2%2Fcomments&post=125"}],"version-history":[{"count":16,"href":"http:\/\/www.ecole-saintemarie.com\/index.php?rest_route=\/wp\/v2\/pages\/125\/revisions"}],"predecessor-version":[{"id":13007,"href":"http:\/\/www.ecole-saintemarie.com\/index.php?rest_route=\/wp\/v2\/pages\/125\/revisions\/13007"}],"up":[{"embeddable":true,"href":"http:\/\/www.ecole-saintemarie.com\/index.php?rest_route=\/wp\/v2\/pages\/107"}],"wp:featuredmedia":[{"embeddable":true,"href":"http:\/\/www.ecole-saintemarie.com\/index.php?rest_route=\/wp\/v2\/media\/835"}],"wp:attachment":[{"href":"http:\/\/www.ecole-saintemarie.com\/index.php?rest_route=%2Fwp%2Fv2%2Fmedia&parent=125"}],"curies":[{"name":"wp","href":"https:\/\/api.w.org\/{rel}","templated":true}]}}