{"id":123,"date":"2013-11-03T15:45:13","date_gmt":"2013-11-03T14:45:13","guid":{"rendered":"http:\/\/ecole-saintemarie.com\/?page_id=123"},"modified":"2025-09-11T10:45:53","modified_gmt":"2025-09-11T08:45:53","slug":"cantine","status":"publish","type":"page","link":"http:\/\/www.ecole-saintemarie.com\/?page_id=123","title":{"rendered":"Cantine"},"content":{"rendered":"<p><img loading=\"lazy\" class=\"size-medium wp-image-449 aligncenter\" src=\"http:\/\/www.ecole-saintemarie.com\/wp-content\/uploads\/2013\/10\/permis_pieton_2011et_cantine_030-225x300.jpg\" alt=\"permis_pieton_2011et_cantine_030\" width=\"225\" height=\"300\" srcset=\"http:\/\/www.ecole-saintemarie.com\/wp-content\/uploads\/2013\/10\/permis_pieton_2011et_cantine_030-225x300.jpg 225w, http:\/\/www.ecole-saintemarie.com\/wp-content\/uploads\/2013\/10\/permis_pieton_2011et_cantine_030.jpg 480w\" sizes=\"(max-width: 225px) 100vw, 225px\" \/><\/p>\n<p>Les repas sont pr\u00e9par\u00e9s par une cuisini\u00e8re employ\u00e9e par la Mairie pour les 2 \u00e9coles. Elle travaille avec des produits frais livr\u00e9s par API et les plats sont livr\u00e9s quotidiennement \u00e0 l\u2019\u00e9cole.<\/p>\n<p>Nos repas sont cuisin\u00e9s dans le respect de l\u2019\u00e9quilibre alimentaire, avec l\u2019objectif de faire d\u00e9couvrir aux enfants\u00a0une alimentation saine avec une place privil\u00e9gi\u00e9e des fruits et l\u00e9gumes frais et une diversit\u00e9 des menus.<\/p>\n<p>Vous pouvez voir les menus propos\u00e9s via l\u2019onglet \u00a0Menu de la Cantine sur la page\u00a0d\u2019accueil.<\/p>\n<p>&nbsp;<\/p>\n<p>Marie-Laure BASLY, Muriel PELLETEY-TILLARD, Aur\u00e9lianna SAGOT et C\u00e9line REBOURSIERE assurent le service aupr\u00e8s des enfants.<\/p>\n<p>2 services sont organis\u00e9s pour la restauration, entre 11h45 et 13h15\u00a0:<\/p>\n<p>&#8211;\u00a0\u00a0\u00a0\u00a0\u00a0\u00a0 les maternelles, CP et CE1<\/p>\n<p>&#8211;\u00a0\u00a0\u00a0\u00a0\u00a0\u00a0 les CE2 et CM<\/p>\n<p>&nbsp;<\/p>\n<p><span style=\"text-decoration: underline;\"><strong>Tarifs <\/strong><\/span><\/p>\n<p>L\u2019assembl\u00e9e g\u00e9n\u00e9rale de l\u2019OGEC Sainte Marie a statu\u00e9 sur les nouveaux tarifs de cantine 2024\/2025: de 6.11 \u00e0 6.30 euros le repas en forfait, suivant le QF<b> <\/b>. Ce prix comprend le prix du repas, les frais de fonctionnement de la cantine (eau, \u00e9lectricit\u00e9, chauffage) ainsi que le service \u00e0 table et la surveillance en r\u00e9cr\u00e9ation par le personnel de cantine,<\/p>\n<p>&nbsp;<\/p>\n<p>Pour un forfait <b>4 jours\/semaine :<\/b> <strong>de 88 \u00e0 90.64 <\/strong><b>euros par mois<\/b> (sur 10 mois, et suivant le quotient familial)<\/p>\n<p>Pour un forfait <b>3 jours\/semaine : 66 \u00e0 67.98 euros par mois <\/b>(sur 10 mois, et suivant le quotient familial)<\/p>\n<p>Pour un forfait <b>2 jours\/semaine<\/b> : <b>44 \u00e0 45.53 euros par mois <\/b>(sur 10 mois, et suivant le quotient familial)<\/p>\n<p>Pour un forfait <b>1 jour\/semaine<\/b> : <b>22 \u00e0 22.60 euros par mois<\/b> (sur 10 mois, et suivant le quotient familial)<\/p>\n<p>&nbsp;<\/p>\n<p>Pour une inscription mensuelle : <b>6,50 euros par repas<\/b>. (avec la fiche remplie)<\/p>\n<p>Un probl\u00e8me de derni\u00e8re minute\u00a0? Une obligation professionnelle impr\u00e9vue\u00a0?<\/p>\n<p>Inscrivez votre enfant le plus rapidement possible, en laissant un message sur le r\u00e9pondeur de l\u2019\u00e9cole : 02.31.97.31.74, ou bien en laissant un mail \u00e0 l\u2019\u00e9cole : contact@ecole-saintemarie.com<a href=\"mailto:ecolesaintemarie.luc@aliceadsl.fr\"><br \/>\n<\/a><\/p>\n<p>Merci<\/p>\n<p><a href=\"http:\/\/www.ecole-saintemarie.com\/wp-content\/uploads\/2013\/10\/permis_pieton_2011et_cantine_031.jpg\"><img loading=\"lazy\" class=\"aligncenter\" src=\"http:\/\/www.ecole-saintemarie.com\/wp-content\/uploads\/2013\/10\/permis_pieton_2011et_cantine_031-300x225.jpg\" alt=\"permis_pieton_2011et_cantine_031\" width=\"300\" height=\"225\" \/><\/a><\/p>\n<p>&nbsp;<\/p>\n<p>&nbsp;<\/p>\n","protected":false},"excerpt":{"rendered":"<p>Les repas sont pr\u00e9par\u00e9s par une cuisini\u00e8re employ\u00e9e par la Mairie pour les 2 \u00e9coles. Elle travaille avec des produits frais livr\u00e9s par API et les plats sont livr\u00e9s quotidiennement \u00e0 l\u2019\u00e9cole. Nos repas sont cuisin\u00e9s dans le respect de l\u2019\u00e9quilibre alimentaire, avec l\u2019objectif de faire d\u00e9couvrir aux enfants\u00a0une alimentation saine avec une place privil\u00e9gi\u00e9e &hellip; <\/p>\n<p><a class=\"more-link btn\" href=\"http:\/\/www.ecole-saintemarie.com\/?page_id=123\">Lire la suite<\/a><\/p>\n","protected":false},"author":2,"featured_media":790,"parent":107,"menu_order":0,"comment_status":"closed","ping_status":"closed","template":"","meta":[],"_links":{"self":[{"href":"http:\/\/www.ecole-saintemarie.com\/index.php?rest_route=\/wp\/v2\/pages\/123"}],"collection":[{"href":"http:\/\/www.ecole-saintemarie.com\/index.php?rest_route=\/wp\/v2\/pages"}],"about":[{"href":"http:\/\/www.ecole-saintemarie.com\/index.php?rest_route=\/wp\/v2\/types\/page"}],"author":[{"embeddable":true,"href":"http:\/\/www.ecole-saintemarie.com\/index.php?rest_route=\/wp\/v2\/users\/2"}],"replies":[{"embeddable":true,"href":"http:\/\/www.ecole-saintemarie.com\/index.php?rest_route=%2Fwp%2Fv2%2Fcomments&post=123"}],"version-history":[{"count":26,"href":"http:\/\/www.ecole-saintemarie.com\/index.php?rest_route=\/wp\/v2\/pages\/123\/revisions"}],"predecessor-version":[{"id":13006,"href":"http:\/\/www.ecole-saintemarie.com\/index.php?rest_route=\/wp\/v2\/pages\/123\/revisions\/13006"}],"up":[{"embeddable":true,"href":"http:\/\/www.ecole-saintemarie.com\/index.php?rest_route=\/wp\/v2\/pages\/107"}],"wp:featuredmedia":[{"embeddable":true,"href":"http:\/\/www.ecole-saintemarie.com\/index.php?rest_route=\/wp\/v2\/media\/790"}],"wp:attachment":[{"href":"http:\/\/www.ecole-saintemarie.com\/index.php?rest_route=%2Fwp%2Fv2%2Fmedia&parent=123"}],"curies":[{"name":"wp","href":"https:\/\/api.w.org\/{rel}","templated":true}]}}