{"id":111,"date":"2013-11-03T15:28:29","date_gmt":"2013-11-03T14:28:29","guid":{"rendered":"http:\/\/ecole-saintemarie.com\/?page_id=111"},"modified":"2014-02-03T15:14:07","modified_gmt":"2014-02-03T14:14:07","slug":"contacts","status":"publish","type":"page","link":"http:\/\/www.ecole-saintemarie.com\/?page_id=111","title":{"rendered":"Contacts"},"content":{"rendered":"<p>N\u2019h\u00e9sitez pas \u00e0 nous contacter\u00a0: Azizah Brige, directrice de l\u2019\u00e9cole, vous accueillera, sur rendez- vous, pour vous pr\u00e9senter l\u2019\u00e9cole et son projet \u00e9ducatif et vous fera visiter les classes en vous donnant toutes les informations sur la vie de notre \u00e9cole.<\/p>\n<p><b>Ecole Sainte Marie<\/b> \u202811, avenue Foch \u202814530 LUC SUR MER<\/p>\n<p><iframe src=\"https:\/\/maps.google.fr\/maps?oe=utf-8&amp;client=firefox-a&amp;ie=UTF8&amp;q=%C3%89cole+Primaire+Sainte+Marie&amp;fb=1&amp;gl=fr&amp;hq=ecole+sante+marie+luc+sur+mer&amp;cid=0,0,14593454253151081977&amp;ll=49.31503,-0.35649&amp;spn=0.006295,0.006295&amp;t=m&amp;iwloc=A&amp;output=embed\" height=\"350\" width=\"425\" frameborder=\"0\" marginwidth=\"0\" marginheight=\"0\" scrolling=\"no\"><\/iframe><br \/>\n<small><a style=\"color: #0000ff; text-align: left;\" href=\"https:\/\/maps.google.fr\/maps?oe=utf-8&amp;client=firefox-a&amp;ie=UTF8&amp;q=%C3%89cole+Primaire+Sainte+Marie&amp;fb=1&amp;gl=fr&amp;hq=ecole+sante+marie+luc+sur+mer&amp;cid=0,0,14593454253151081977&amp;ll=49.31503,-0.35649&amp;spn=0.006295,0.006295&amp;t=m&amp;iwloc=A&amp;source=embed\">Agrandir le plan<\/a><\/small><br \/>\n<b>T\u00e9l\u00a0<\/b>\/fax\u00a0: 02 31 97 31 74<\/p>\n<p><strong>Courriel<\/strong>\u00a0: <a href=\"mailto:ecolesaintemarie.luc@aliceadsl.fr\"><b>contact@ecole-saintemarie.com<\/b><\/a><\/p>\n<p><div role=\"form\" class=\"wpcf7\" id=\"wpcf7-f536-o1\" lang=\"fr-FR\" dir=\"ltr\">\n<div class=\"screen-reader-response\"><\/div>\n<form action=\"\/index.php?rest_route=%2Fwp%2Fv2%2Fpages%2F111#wpcf7-f536-o1\" method=\"post\" class=\"wpcf7-form\" novalidate=\"novalidate\">\n<div style=\"display: none;\">\n<input type=\"hidden\" name=\"_wpcf7\" value=\"536\" \/>\n<input type=\"hidden\" name=\"_wpcf7_version\" value=\"5.1.7\" \/>\n<input type=\"hidden\" name=\"_wpcf7_locale\" value=\"fr_FR\" \/>\n<input type=\"hidden\" name=\"_wpcf7_unit_tag\" value=\"wpcf7-f536-o1\" \/>\n<input type=\"hidden\" name=\"_wpcf7_container_post\" value=\"0\" \/>\n<\/div>\n<p>Votre nom (obligatoire)<br \/>\n    <span class=\"wpcf7-form-control-wrap your-name\"><input type=\"text\" name=\"your-name\" value=\"\" size=\"40\" class=\"wpcf7-form-control wpcf7-text wpcf7-validates-as-required\" aria-required=\"true\" aria-invalid=\"false\" \/><\/span> <\/p>\n<p>Votre email (obligatoire)<br \/>\n    <span class=\"wpcf7-form-control-wrap your-email\"><input type=\"email\" name=\"your-email\" value=\"\" size=\"40\" class=\"wpcf7-form-control wpcf7-text wpcf7-email wpcf7-validates-as-required wpcf7-validates-as-email\" aria-required=\"true\" aria-invalid=\"false\" \/><\/span> <\/p>\n<p>Sujet<br \/>\n    <span class=\"wpcf7-form-control-wrap your-subject\"><input type=\"text\" name=\"your-subject\" value=\"\" size=\"40\" class=\"wpcf7-form-control wpcf7-text wpcf7-validates-as-required\" aria-required=\"true\" aria-invalid=\"false\" \/><\/span> <\/p>\n<p>Votre message<br \/>\n    <span class=\"wpcf7-form-control-wrap your-message\"><textarea name=\"your-message\" cols=\"40\" rows=\"10\" class=\"wpcf7-form-control wpcf7-textarea\" aria-invalid=\"false\"><\/textarea><\/span> <\/p>\n<p><input type=\"submit\" value=\"Envoyer\" class=\"wpcf7-form-control wpcf7-submit\" \/><\/p>\n<div class=\"wpcf7-response-output wpcf7-display-none\"><\/div><\/form><\/div><br \/>\nRetrouvez-nous sur :<br \/>\n<a href=\"https:\/\/www.facebook.com\/ecolesaintemarie.luc\">https:\/\/www.facebook.com\/ecolesaintemarie.luc<\/a><\/p>\n","protected":false},"excerpt":{"rendered":"<p>N\u2019h\u00e9sitez pas \u00e0 nous contacter\u00a0: Azizah Brige, directrice de l\u2019\u00e9cole, vous accueillera, sur rendez- vous, pour vous pr\u00e9senter l\u2019\u00e9cole et son projet \u00e9ducatif et vous fera visiter les classes en vous donnant toutes les informations sur la vie de notre \u00e9cole. Ecole Sainte Marie \u202811, avenue Foch \u202814530 LUC SUR MER Agrandir le plan T\u00e9l\u00a0\/fax\u00a0: &hellip; <\/p>\n<p><a class=\"more-link btn\" href=\"http:\/\/www.ecole-saintemarie.com\/?page_id=111\">Lire la suite<\/a><\/p>\n","protected":false},"author":2,"featured_media":0,"parent":0,"menu_order":0,"comment_status":"closed","ping_status":"closed","template":"","meta":[],"_links":{"self":[{"href":"http:\/\/www.ecole-saintemarie.com\/index.php?rest_route=\/wp\/v2\/pages\/111"}],"collection":[{"href":"http:\/\/www.ecole-saintemarie.com\/index.php?rest_route=\/wp\/v2\/pages"}],"about":[{"href":"http:\/\/www.ecole-saintemarie.com\/index.php?rest_route=\/wp\/v2\/types\/page"}],"author":[{"embeddable":true,"href":"http:\/\/www.ecole-saintemarie.com\/index.php?rest_route=\/wp\/v2\/users\/2"}],"replies":[{"embeddable":true,"href":"http:\/\/www.ecole-saintemarie.com\/index.php?rest_route=%2Fwp%2Fv2%2Fcomments&post=111"}],"version-history":[{"count":10,"href":"http:\/\/www.ecole-saintemarie.com\/index.php?rest_route=\/wp\/v2\/pages\/111\/revisions"}],"predecessor-version":[{"id":1237,"href":"http:\/\/www.ecole-saintemarie.com\/index.php?rest_route=\/wp\/v2\/pages\/111\/revisions\/1237"}],"wp:attachment":[{"href":"http:\/\/www.ecole-saintemarie.com\/index.php?rest_route=%2Fwp%2Fv2%2Fmedia&parent=111"}],"curies":[{"name":"wp","href":"https:\/\/api.w.org\/{rel}","templated":true}]}}