{"id":102,"date":"2013-11-03T15:10:44","date_gmt":"2013-11-03T14:10:44","guid":{"rendered":"http:\/\/ecole-saintemarie.com\/?page_id=102"},"modified":"2013-11-22T15:42:25","modified_gmt":"2013-11-22T14:42:25","slug":"lecole","status":"publish","type":"page","link":"http:\/\/www.ecole-saintemarie.com\/?page_id=102","title":{"rendered":"L&rsquo;\u00e9cole"},"content":{"rendered":"<h3><span style=\"color: #333399;\"><strong>Notre fonctionnement et notre projet p\u00e9dagogique<\/strong><\/span><\/h3>\n<p>Notre \u00e9cole est un \u00e9tablissement priv\u00e9 catholique sous contrat pass\u00e9 avec l&rsquo;Etat, faisant partie de l&rsquo;ensemble scolaire Notre Dame de la C\u00f4te de Nacre, allant jusqu&rsquo;au baccalaur\u00e9at<\/p>\n<p>L&rsquo;\u00e9cole accueille des enfants de la classes maternelles et primaires.<\/p>\n<p><img loading=\"lazy\" class=\"wp-image-868 alignleft\" alt=\"Image 7\" src=\"http:\/\/www.ecole-saintemarie.com\/wp-content\/uploads\/2013\/11\/Image-71-199x300.jpg\" width=\"159\" height=\"240\" srcset=\"http:\/\/www.ecole-saintemarie.com\/wp-content\/uploads\/2013\/11\/Image-71-199x300.jpg 199w, http:\/\/www.ecole-saintemarie.com\/wp-content\/uploads\/2013\/11\/Image-71-680x1024.jpg 680w, http:\/\/www.ecole-saintemarie.com\/wp-content\/uploads\/2013\/11\/Image-71.jpg 800w\" sizes=\"(max-width: 159px) 100vw, 159px\" \/><\/p>\n<p>&nbsp;<\/p>\n<p><span style=\"color: #0000ff;\"><strong>Notre \u00e9cole est ouverte \u00e0 tous :<\/strong><\/span><\/p>\n<p><strong style=\"color: #993366;\">Un lieu de vie \u00e0 taille humaine<\/strong><\/p>\n<p><strong style=\"color: #993366;\">Une \u00e9quipe enseignante \u00e0 votre \u00e9coute<\/strong><\/p>\n<p><strong style=\"color: #993366;\">Une p\u00e9dagogie personnalis\u00e9e inspir\u00e9e de la m\u00e9thode Montessori<\/strong><\/p>\n<p><strong style=\"color: #993366;\">Des outils favorisant l&rsquo;autonomie et la r\u00e9ussite de tous<\/strong><\/p>\n<p><strong style=\"color: #993366;\">L\u2019apprentissage de l\u2019anglais d\u00e8s la maternelle<\/strong><\/p>\n<p><strong style=\"color: #993366;\">Des projets artistiques, culturels et sportifs<\/strong><\/p>\n<p>&nbsp;<\/p>\n","protected":false},"excerpt":{"rendered":"<p>Notre fonctionnement et notre projet p\u00e9dagogique Notre \u00e9cole est un \u00e9tablissement priv\u00e9 catholique sous contrat pass\u00e9 avec l&rsquo;Etat, faisant partie de l&rsquo;ensemble scolaire Notre Dame de la C\u00f4te de Nacre, allant jusqu&rsquo;au baccalaur\u00e9at L&rsquo;\u00e9cole accueille des enfants de la classes maternelles et primaires. &nbsp; Notre \u00e9cole est ouverte \u00e0 tous : Un lieu de vie &hellip; <\/p>\n<p><a class=\"more-link btn\" href=\"http:\/\/www.ecole-saintemarie.com\/?page_id=102\">Lire la suite<\/a><\/p>\n","protected":false},"author":2,"featured_media":0,"parent":0,"menu_order":0,"comment_status":"open","ping_status":"open","template":"","meta":[],"_links":{"self":[{"href":"http:\/\/www.ecole-saintemarie.com\/index.php?rest_route=\/wp\/v2\/pages\/102"}],"collection":[{"href":"http:\/\/www.ecole-saintemarie.com\/index.php?rest_route=\/wp\/v2\/pages"}],"about":[{"href":"http:\/\/www.ecole-saintemarie.com\/index.php?rest_route=\/wp\/v2\/types\/page"}],"author":[{"embeddable":true,"href":"http:\/\/www.ecole-saintemarie.com\/index.php?rest_route=\/wp\/v2\/users\/2"}],"replies":[{"embeddable":true,"href":"http:\/\/www.ecole-saintemarie.com\/index.php?rest_route=%2Fwp%2Fv2%2Fcomments&post=102"}],"version-history":[{"count":15,"href":"http:\/\/www.ecole-saintemarie.com\/index.php?rest_route=\/wp\/v2\/pages\/102\/revisions"}],"predecessor-version":[{"id":917,"href":"http:\/\/www.ecole-saintemarie.com\/index.php?rest_route=\/wp\/v2\/pages\/102\/revisions\/917"}],"wp:attachment":[{"href":"http:\/\/www.ecole-saintemarie.com\/index.php?rest_route=%2Fwp%2Fv2%2Fmedia&parent=102"}],"curies":[{"name":"wp","href":"https:\/\/api.w.org\/{rel}","templated":true}]}}